{"id":1410,"date":"2014-06-11T01:02:51","date_gmt":"2014-06-10T23:02:51","guid":{"rendered":"https:\/\/zwergkaninchen-dresden.de\/?page_id=1410"},"modified":"2022-10-06T22:26:59","modified_gmt":"2022-10-06T20:26:59","slug":"aufzucht-der-kleine-zwerge","status":"publish","type":"page","link":"https:\/\/www.zwergkaninchen-dresden.de\/?page_id=1410","title":{"rendered":"Aufzucht der kleine Zwerge"},"content":{"rendered":"<p style=\"text-align: center;\"><a href=\"https:\/\/zwergkaninchen-dresden.de\/wp-content\/uploads\/2011\/05\/2011.07.10-Hasis-213.jpg\"><img loading=\"lazy\" decoding=\"async\" class=\"aligncenter size-medium wp-image-709\" src=\"https:\/\/zwergkaninchen-dresden.de\/wp-content\/uploads\/2011\/05\/2011.07.10-Hasis-213-225x300.jpg\" alt=\"2011.07.10 Hasis 213\" width=\"225\" height=\"300\" srcset=\"https:\/\/www.zwergkaninchen-dresden.de\/wp-content\/uploads\/2011\/05\/2011.07.10-Hasis-213-225x300.jpg 225w, https:\/\/www.zwergkaninchen-dresden.de\/wp-content\/uploads\/2011\/05\/2011.07.10-Hasis-213-769x1024.jpg 769w\" sizes=\"auto, (max-width: 225px) 100vw, 225px\" \/><\/a><a href=\"https:\/\/zwergkaninchen-dresden.de\/wp-content\/uploads\/2011\/05\/2011.07.10-Hasis-210.jpg\"><img loading=\"lazy\" decoding=\"async\" class=\"aligncenter size-medium wp-image-707\" src=\"https:\/\/zwergkaninchen-dresden.de\/wp-content\/uploads\/2011\/05\/2011.07.10-Hasis-210-225x300.jpg\" alt=\"2011.07.10 Hasis 210\" width=\"225\" height=\"300\" srcset=\"https:\/\/www.zwergkaninchen-dresden.de\/wp-content\/uploads\/2011\/05\/2011.07.10-Hasis-210-225x300.jpg 225w, https:\/\/www.zwergkaninchen-dresden.de\/wp-content\/uploads\/2011\/05\/2011.07.10-Hasis-210-769x1024.jpg 769w\" sizes=\"auto, (max-width: 225px) 100vw, 225px\" \/><\/a>genau darin liegt die Schwierigkeit, die Zwerge wiegen bei der Geburt ca. 20 &#8211; 25 Gramm, also nicht mehr als eine mittlere Tomate &#8230;<\/p>\n<p style=\"text-align: center;\">eins von drei H\u00e4sschen ziehen wir mit der Flasche auf oder je nach M\u00f6glichkeit geben wir die Kleinen zu einer anderen Mama<\/p>\n<p style=\"text-align: center;\">haben sie den f\u00fcnften Tag \u00fcberstanden, dann ist die Hoffnung bei 50%, da\u00df sie es schaffen &#8230;<\/p>\n<p style=\"text-align: center;\">aber auch das, ist noch keine Garantie, die Kleinen haben nun das Ziel eine Woche, zwei, drei Wochen und wenn sie die vierte geschafft haben, stehen die Hoffnungen bei ca. 75% &#8230; wohlbemerkt bei den Doppelzwergen<\/p>\n<p style=\"text-align: center;\">in der Natur h\u00e4tten die Doppelzwerge keine Chance, aber von Menschenhand sehr m\u00fchevoll aufgezogen schaffen es bei mir ca. 50% und genau diese Kleinen sind dann besondere Zwerge, sie sind ein Wunder und sehr anh\u00e4nglich<\/p>\n<p style=\"text-align: center;\">Ich freue mich \u00fcber jeden Zwerg und versuche jedem noch so kleinem H\u00e4sschen eine Chance zu geben &#8230;<\/p>\n<p style=\"text-align: center;\">Hier nun ein paar Fotos von den ganz m\u00fchevollen Stunden, der &#8222;Mini-Zwerge&#8220; &#8230;. sie sind unheimlich tapfer und eine K\u00e4mpfernatur, aber manchmal wollen sie dann einfach einschlafen und da sollte man &#8222;dem Leben&#8220; seinen Lauf lassen &#8230; auch das Sterben geh\u00f6rt dazu &#8230;. diese Kleinen bekommen dann ein Heubett unter bunten Blumen<\/p>\n\n\t\t<style type=\"text\/css\">\n\t\t\t#gallery-1 {\n\t\t\t\tmargin: auto;\n\t\t\t}\n\t\t\t#gallery-1 .gallery-item {\n\t\t\t\tfloat: left;\n\t\t\t\tmargin-top: 10px;\n\t\t\t\ttext-align: center;\n\t\t\t\twidth: 20%;\n\t\t\t}\n\t\t\t#gallery-1 img {\n\t\t\t\tborder: 2px solid #cfcfcf;\n\t\t\t}\n\t\t\t#gallery-1 .gallery-caption {\n\t\t\t\tmargin-left: 0;\n\t\t\t}\n\t\t\t\/* see gallery_shortcode() in wp-includes\/media.php *\/\n\t\t<\/style>\n\t\t<div id='gallery-1' class='gallery galleryid-1410 gallery-columns-5 gallery-size-thumbnail'><dl class='gallery-item'>\n\t\t\t<dt class='gallery-icon landscape'>\n\t\t\t\t<a href='https:\/\/www.zwergkaninchen-dresden.de\/?attachment_id=621'><img loading=\"lazy\" decoding=\"async\" width=\"150\" height=\"150\" src=\"https:\/\/www.zwergkaninchen-dresden.de\/wp-content\/uploads\/2011\/05\/2011.07.10-Hasis-012-150x150.jpg\" class=\"attachment-thumbnail size-thumbnail\" alt=\"\" aria-describedby=\"gallery-1-621\" \/><\/a>\n\t\t\t<\/dt>\n\t\t\t\t<dd class='wp-caption-text gallery-caption' id='gallery-1-621'>\n\t\t\t\tder Kleine Zwerg versucht es noch bei Mama und hat es geschafft \ud83d\ude42\n\t\t\t\t<\/dd><\/dl><dl class='gallery-item'>\n\t\t\t<dt class='gallery-icon landscape'>\n\t\t\t\t<a href='https:\/\/www.zwergkaninchen-dresden.de\/?attachment_id=708'><img loading=\"lazy\" decoding=\"async\" width=\"150\" height=\"150\" src=\"https:\/\/www.zwergkaninchen-dresden.de\/wp-content\/uploads\/2011\/05\/2011.07.10-Hasis-211-150x150.jpg\" class=\"attachment-thumbnail size-thumbnail\" alt=\"\" aria-describedby=\"gallery-1-708\" \/><\/a>\n\t\t\t<\/dt>\n\t\t\t\t<dd class='wp-caption-text gallery-caption' id='gallery-1-708'>\n\t\t\t\thier 7 Tage und wiegt 33 gramm \n\t\t\t\t<\/dd><\/dl><dl class='gallery-item'>\n\t\t\t<dt class='gallery-icon portrait'>\n\t\t\t\t<a href='https:\/\/www.zwergkaninchen-dresden.de\/?attachment_id=707'><img loading=\"lazy\" decoding=\"async\" width=\"150\" height=\"150\" src=\"https:\/\/www.zwergkaninchen-dresden.de\/wp-content\/uploads\/2011\/05\/2011.07.10-Hasis-210-150x150.jpg\" class=\"attachment-thumbnail size-thumbnail\" alt=\"\" \/><\/a>\n\t\t\t<\/dt><\/dl><dl class='gallery-item'>\n\t\t\t<dt class='gallery-icon portrait'>\n\t\t\t\t<a href='https:\/\/www.zwergkaninchen-dresden.de\/?attachment_id=716'><img loading=\"lazy\" decoding=\"async\" width=\"150\" height=\"150\" src=\"https:\/\/www.zwergkaninchen-dresden.de\/wp-content\/uploads\/2011\/05\/2011.07.10-Hasis-223-150x150.jpg\" class=\"attachment-thumbnail size-thumbnail\" alt=\"\" aria-describedby=\"gallery-1-716\" \/><\/a>\n\t\t\t<\/dt>\n\t\t\t\t<dd class='wp-caption-text gallery-caption' id='gallery-1-716'>\n\t\t\t\tMama Mocca schaut nach dem Kleinen \n\t\t\t\t<\/dd><\/dl><dl class='gallery-item'>\n\t\t\t<dt class='gallery-icon portrait'>\n\t\t\t\t<a href='https:\/\/www.zwergkaninchen-dresden.de\/?attachment_id=700'><img loading=\"lazy\" decoding=\"async\" width=\"150\" height=\"150\" src=\"https:\/\/www.zwergkaninchen-dresden.de\/wp-content\/uploads\/2011\/05\/2011.07.10-Hasis-201-150x150.jpg\" class=\"attachment-thumbnail size-thumbnail\" alt=\"\" aria-describedby=\"gallery-1-700\" \/><\/a>\n\t\t\t<\/dt>\n\t\t\t\t<dd class='wp-caption-text gallery-caption' id='gallery-1-700'>\n\t\t\t\thier der Kleine nun 10 Tage und 54 gramm &#8230; es geht aufw\u00e4rts\n\t\t\t\t<\/dd><\/dl><br style=\"clear: both\" \/><dl class='gallery-item'>\n\t\t\t<dt class='gallery-icon landscape'>\n\t\t\t\t<a href='https:\/\/www.zwergkaninchen-dresden.de\/?attachment_id=627'><img loading=\"lazy\" decoding=\"async\" width=\"150\" height=\"150\" src=\"https:\/\/www.zwergkaninchen-dresden.de\/wp-content\/uploads\/2011\/05\/2011.07.10-Hasis-026-150x150.jpg\" class=\"attachment-thumbnail size-thumbnail\" alt=\"\" aria-describedby=\"gallery-1-627\" \/><\/a>\n\t\t\t<\/dt>\n\t\t\t\t<dd class='wp-caption-text gallery-caption' id='gallery-1-627'>\n\t\t\t\tein &#8222;normaler&#8220; Zwerg mit 3 Tagen und 48 gramm und zwei Doppelzwerge mit 29 gramm &#8230;.\n\t\t\t\t<\/dd><\/dl><dl class='gallery-item'>\n\t\t\t<dt class='gallery-icon landscape'>\n\t\t\t\t<a href='https:\/\/www.zwergkaninchen-dresden.de\/?attachment_id=474'><img loading=\"lazy\" decoding=\"async\" width=\"150\" height=\"150\" src=\"https:\/\/www.zwergkaninchen-dresden.de\/wp-content\/uploads\/2011\/06\/021-150x150.jpg\" class=\"attachment-thumbnail size-thumbnail\" alt=\"\" aria-describedby=\"gallery-1-474\" \/><\/a>\n\t\t\t<\/dt>\n\t\t\t\t<dd class='wp-caption-text gallery-caption' id='gallery-1-474'>\n\t\t\t\tHoll\u00e4nder Zwerge mit 4 Tagen &#8230; alle gut drauf\n\t\t\t\t<\/dd><\/dl><dl class='gallery-item'>\n\t\t\t<dt class='gallery-icon landscape'>\n\t\t\t\t<a href='https:\/\/www.zwergkaninchen-dresden.de\/?attachment_id=997'><img loading=\"lazy\" decoding=\"async\" width=\"150\" height=\"150\" src=\"https:\/\/www.zwergkaninchen-dresden.de\/wp-content\/uploads\/2011\/05\/2013-05-18-12.36.36-150x150.jpg\" class=\"attachment-thumbnail size-thumbnail\" alt=\"\" aria-describedby=\"gallery-1-997\" \/><\/a>\n\t\t\t<\/dt>\n\t\t\t\t<dd class='wp-caption-text gallery-caption' id='gallery-1-997'>\n\t\t\t\tZwerg silber wei\u00df erkundet noch blind mit 9 Tagen den Stall bei Mama als Einzelk\u00e4mpfer, nur sie hat es von drei Zwergen geschafft \n\t\t\t\t<\/dd><\/dl><dl class='gallery-item'>\n\t\t\t<dt class='gallery-icon landscape'>\n\t\t\t\t<a href='https:\/\/www.zwergkaninchen-dresden.de\/?attachment_id=946'><img loading=\"lazy\" decoding=\"async\" width=\"150\" height=\"150\" src=\"https:\/\/www.zwergkaninchen-dresden.de\/wp-content\/uploads\/2011\/05\/2013-05-18-12.50.11-150x150.jpg\" class=\"attachment-thumbnail size-thumbnail\" alt=\"\" aria-describedby=\"gallery-1-946\" \/><\/a>\n\t\t\t<\/dt>\n\t\t\t\t<dd class='wp-caption-text gallery-caption' id='gallery-1-946'>\n\t\t\t\tkleine Zwerge drei Tage\n\t\t\t\t<\/dd><\/dl><dl class='gallery-item'>\n\t\t\t<dt class='gallery-icon landscape'>\n\t\t\t\t<a href='https:\/\/www.zwergkaninchen-dresden.de\/?attachment_id=949'><img loading=\"lazy\" decoding=\"async\" width=\"150\" height=\"150\" src=\"https:\/\/www.zwergkaninchen-dresden.de\/wp-content\/uploads\/2011\/05\/2013-05-18-12.45.31-150x150.jpg\" class=\"attachment-thumbnail size-thumbnail\" alt=\"\" aria-describedby=\"gallery-1-949\" \/><\/a>\n\t\t\t<\/dt>\n\t\t\t\t<dd class='wp-caption-text gallery-caption' id='gallery-1-949'>\n\t\t\t\tZwerg schwarz-loh, hier 5 Tage \n\t\t\t\t<\/dd><\/dl><br style=\"clear: both\" \/>\n\t\t<\/div>\n\n","protected":false},"excerpt":{"rendered":"<p>genau darin liegt die Schwierigkeit, die Zwerge wiegen bei der Geburt ca. 20 &#8211; 25 Gramm, also nicht mehr als eine mittlere Tomate &#8230; eins von drei H\u00e4sschen ziehen wir mit der Flasche auf oder je nach M\u00f6glichkeit geben wir die Kleinen zu einer anderen Mama haben sie den f\u00fcnften Tag \u00fcberstanden, dann ist die [&hellip;]<\/p>\n","protected":false},"author":2,"featured_media":0,"parent":0,"menu_order":0,"comment_status":"closed","ping_status":"closed","template":"","meta":{"footnotes":""},"class_list":["post-1410","page","type-page","status-publish","hentry"],"_links":{"self":[{"href":"https:\/\/www.zwergkaninchen-dresden.de\/index.php?rest_route=\/wp\/v2\/pages\/1410","targetHints":{"allow":["GET"]}}],"collection":[{"href":"https:\/\/www.zwergkaninchen-dresden.de\/index.php?rest_route=\/wp\/v2\/pages"}],"about":[{"href":"https:\/\/www.zwergkaninchen-dresden.de\/index.php?rest_route=\/wp\/v2\/types\/page"}],"author":[{"embeddable":true,"href":"https:\/\/www.zwergkaninchen-dresden.de\/index.php?rest_route=\/wp\/v2\/users\/2"}],"replies":[{"embeddable":true,"href":"https:\/\/www.zwergkaninchen-dresden.de\/index.php?rest_route=%2Fwp%2Fv2%2Fcomments&post=1410"}],"version-history":[{"count":9,"href":"https:\/\/www.zwergkaninchen-dresden.de\/index.php?rest_route=\/wp\/v2\/pages\/1410\/revisions"}],"predecessor-version":[{"id":2972,"href":"https:\/\/www.zwergkaninchen-dresden.de\/index.php?rest_route=\/wp\/v2\/pages\/1410\/revisions\/2972"}],"wp:attachment":[{"href":"https:\/\/www.zwergkaninchen-dresden.de\/index.php?rest_route=%2Fwp%2Fv2%2Fmedia&parent=1410"}],"curies":[{"name":"wp","href":"https:\/\/api.w.org\/{rel}","templated":true}]}}