{"id":20,"date":"2011-05-03T23:11:14","date_gmt":"2011-05-03T21:11:14","guid":{"rendered":"https:\/\/zwergkaninchen-dresden.de\/?page_id=20"},"modified":"2022-10-06T22:26:35","modified_gmt":"2022-10-06T20:26:35","slug":"abgabe-hinweise","status":"publish","type":"page","link":"https:\/\/www.zwergkaninchen-dresden.de\/?page_id=20","title":{"rendered":"Abgabe &#038; Hinweise"},"content":{"rendered":"<p style=\"text-align: center;\"><strong><span style=\"text-decoration: underline; color: #008000;\">\u00a0 ABGABEHINWEISE <\/span><\/strong><\/p>\n<p style=\"text-align: center;\"><strong><span style=\"color: #ff0000;\">Vorher<\/span><\/strong><\/p>\n<h4 style=\"text-align: center;\">&#8211; Bitte \u00fcberlegen Sie sich :<\/h4>\n<h4 style=\"text-align: center;\">&#8211; habe ich Zeit, f\u00fcr das oder die H\u00e4schen und zwar f\u00fcr 7 &#8211; 10 Jahre bei guter Pflege<\/h4>\n<h4 style=\"text-align: center;\">&#8211; wo soll es leben *\u00a0ganzj\u00e4hrig\u00a0im Freiland \u00a0ist immer das Beste, oder auf dem Balkon &#8230;&#8230;<\/h4>\n<h4 style=\"text-align: center;\">&#8211; was ist bei der Ern\u00e4hrung zu beachten *siehe \u00a0Hinweise *<\/h4>\n<p style=\"text-align: center;\"><strong><span style=\"color: #008000;\">Hier noch ein Hinweis<\/span><\/strong>: Viele Z\u00fcchter geben nur P\u00e4rchen ab. Ich bin der \u00dcberzeugung: Lieber um ein Tier gut gek\u00fcmmert, als mit zweien \u00fcberfordert zu sein.<\/p>\n<p style=\"text-align: center;\">Wenn man mit einem gut zurechtkommt, kann man jederzeit ein zweites dazu nehmen, idealerweise aus einer Zucht.<\/p>\n<p style=\"text-align: center;\">********************************************<\/p>\n<h4 style=\"text-align: center;\">&#8211; <strong><span style=\"color: #008000;\">so und nun<\/span><\/strong> wenn Ihr Euch entschieden habt, dann lest die Abgabehinweise<\/h4>\n<p style=\"text-align: center;\"><strong><span style=\"color: #006100;\">\u221e\u221e\u221e\u221e\u221e\u221e\u221e\u221e\u221e\u221e\u221e\u221e\u221e\u221e\u221e\u221e\u221e\u221e\u221e\u221e\u221e\u221e\u221e\u221e\u221e\u221e\u221e\u221e\u221e\u221e\u221e\u221e\u221e\u221e\u221e\u221e<\/span><\/strong><\/p>\n<h4 style=\"text-align: center;\">Unserer Jungtiere geben wir ab der vollendeten 8 -12 Woche ab. Je nach Entwicklungsstand der Zwerge wird die Abgabe individuell entschieden.<\/h4>\n<h4 style=\"text-align: center;\"><span style=\"color: #008000;\">\u00a0 \u00a0 \u00a0f\u00fcr uns ist wichtig, nicht das Alter &#8230;&#8230;<\/span><\/h4>\n<h4 style=\"text-align: center;\">&#8211; \u00a0Gewicht von mindestens ca. 400g &#8211; 550g<\/h4>\n<h4 style=\"text-align: center;\">&#8211; gleichm\u00e4\u00dfige Zunahme von mindestens 5 &#8211; 25g pro Tag<\/h4>\n<h4 style=\"text-align: center;\">&#8211; selbstst\u00e4ndiges Trinken aus der Trinkflasche<\/h4>\n<h4 style=\"text-align: center;\">&#8211; selbstst\u00e4ndiges Knabbern von Heu &amp; frischem Futter<\/h4>\n<h4 style=\"text-align: center;\">*<\/h4>\n<h4 style=\"text-align: center;\">Unsere Tiere werden nur \u00a0in einem gesundheitlich einwandfreien Zustand abgegeben.<\/h4>\n<h4 style=\"text-align: center;\">Wir \u00fcbernehmen keine Verantwortung f\u00fcr den Transport, sowie f\u00fcr die weitere Entwicklung und sp\u00e4tere Krankheiten. Der neue Besitzer ist ab der \u00dcbernahme f\u00fcr das H\u00e4schen verantwortlich.<\/h4>\n<h4 style=\"text-align: center;\">Wir nehmen keine Tiere zur\u00fcck.<\/h4>\n<h4 style=\"text-align: center;\"><span style=\"color: #008000;\">Aber<\/span> &#8211; Wir stehen Ihnen mit Rat &amp; Tat zur Seite, geben gern Tipps, Hinweise &amp; versuchen Ihnen jederzeit zu helfen \u00a0bei Problemen und Sorgen.<\/h4>\n<h4 style=\"text-align: center;\">Ich stimme mit der \u00dcbernahme des Tieres den Abgabehinweisen zu.<\/h4>\n<h4 style=\"text-align: center;\"><span style=\"color: #008000;\">\u221e\u221e\u221e\u221e\u221e\u221e\u221e\u221e\u221e\u221e\u221e\u221e\u221e\u221e\u221e\u221e\u221e\u221e\u221e\u221e\u221e\u221e\u221e\u221e\u221e\u221e\u221e\u221e\u221e\u221e\u221e\u221e\u221e\u221e\u221e\u221e\u221e\u221e\u221e\u221e\u221e\u221e\u221e\u221e\u221e\u221e\u221e\u221e\u221e\u221e\u221e\u221e\u221e\u221e\u221e\u221e\u221e\u221e\u221e\u221e\u221e\u221e\u221e\u221e\u221e\u221e\u221e\u221e\u221e\u221e\u221e\u221e\u221e\u221e\u221e\u221e\u221e\u221e\u221e\u221e\u221e\u221e\u221e\u221e\u221e\u221e\u221e<br \/>\n<\/span><\/h4>\n<h4 style=\"text-align: center;\"><\/h4>\n","protected":false},"excerpt":{"rendered":"<p>\u00a0 ABGABEHINWEISE Vorher &#8211; Bitte \u00fcberlegen Sie sich : &#8211; habe ich Zeit, f\u00fcr das oder die H\u00e4schen und zwar f\u00fcr 7 &#8211; 10 Jahre bei guter Pflege &#8211; wo soll es leben *\u00a0ganzj\u00e4hrig\u00a0im Freiland \u00a0ist immer das Beste, oder auf dem Balkon &#8230;&#8230; &#8211; was ist bei der Ern\u00e4hrung zu beachten *siehe \u00a0Hinweise * [&hellip;]<\/p>\n","protected":false},"author":2,"featured_media":0,"parent":0,"menu_order":8,"comment_status":"open","ping_status":"closed","template":"","meta":{"footnotes":""},"class_list":["post-20","page","type-page","status-publish","hentry"],"_links":{"self":[{"href":"https:\/\/www.zwergkaninchen-dresden.de\/index.php?rest_route=\/wp\/v2\/pages\/20","targetHints":{"allow":["GET"]}}],"collection":[{"href":"https:\/\/www.zwergkaninchen-dresden.de\/index.php?rest_route=\/wp\/v2\/pages"}],"about":[{"href":"https:\/\/www.zwergkaninchen-dresden.de\/index.php?rest_route=\/wp\/v2\/types\/page"}],"author":[{"embeddable":true,"href":"https:\/\/www.zwergkaninchen-dresden.de\/index.php?rest_route=\/wp\/v2\/users\/2"}],"replies":[{"embeddable":true,"href":"https:\/\/www.zwergkaninchen-dresden.de\/index.php?rest_route=%2Fwp%2Fv2%2Fcomments&post=20"}],"version-history":[{"count":32,"href":"https:\/\/www.zwergkaninchen-dresden.de\/index.php?rest_route=\/wp\/v2\/pages\/20\/revisions"}],"predecessor-version":[{"id":3035,"href":"https:\/\/www.zwergkaninchen-dresden.de\/index.php?rest_route=\/wp\/v2\/pages\/20\/revisions\/3035"}],"wp:attachment":[{"href":"https:\/\/www.zwergkaninchen-dresden.de\/index.php?rest_route=%2Fwp%2Fv2%2Fmedia&parent=20"}],"curies":[{"name":"wp","href":"https:\/\/api.w.org\/{rel}","templated":true}]}}